{"id":1542,"date":"2019-01-29T13:13:14","date_gmt":"2019-01-29T12:13:14","guid":{"rendered":"https:\/\/dev.infri.ch\/?page_id=1542"},"modified":"2019-02-05T11:22:05","modified_gmt":"2019-02-05T10:22:05","slug":"verhandlungen","status":"publish","type":"page","link":"https:\/\/dev.infri.ch\/de\/gav\/verhandlungen\/","title":{"rendered":"Verhandlungen"},"content":{"rendered":"<p><strong>Der GAV kann im Einverst\u00e4ndnis der unterzeichneten Parteien INFRI und VOPSI modifiziert werden. (GAV Art. 43.5).<\/strong><\/p>\n<p><strong>Verhandlungsausschuss des GAV INFRI-VOPSI:<\/strong><\/p>\n<ul>\n<li>Verhandlungen werden nur gef\u00fchrt, sofern die Vertragsparteien sich mit diesen einverstanden erkl\u00e4ren.<\/li>\n<li>Die Vertragsparteien bestimmen das Objekt der Verhandlungen im gegenseitigen Einverst\u00e4ndnis ihrer jeweiligen Vorst\u00e4nde.<\/li>\n<li>Sie mandatieren sodann die Verhandlungskommission.<\/li>\n<li>Sie k\u00f6nnen auch in Form einer parit\u00e4ren Arbeitsgruppe zusammengesetzt werden.<\/li>\n<li>Zu Beginn jeder Verhandlung werden durch die Vertragsparteien jeweils 3 Delegierte pro Vertragspartei gew\u00e4hlt.<\/li>\n<li>Bei der Wahl der Personen werden im Rahmen des M\u00f6glichen deren Sachkenntnisse des oder der zu behandelnden Themen ber\u00fccksichtigt.<\/li>\n<li>Die Generalsekret\u00e4re der Vertragsparteien sind von Amtes wegen Delegierte der jeweiligen Vertragspartei.<\/li>\n<\/ul>\n<p><a href=\"https:\/\/dev.infri.ch\/wp-content\/uploads\/2019\/02\/negociation.pdf\" target=\"_blank\" rel=\"noopener\">R\u00e8glement de n\u00e9gociation de la CCT INFRI <\/a><\/p>\n","protected":false},"excerpt":{"rendered":"<p>Der GAV kann im Einverst\u00e4ndnis der unterzeichneten Parteien INFRI und VOPSI modifiziert werden. (GAV Art. 43.5). Verhandlungsausschuss des GAV INFRI-VOPSI: Verhandlungen werden nur gef\u00fchrt, sofern die Vertragsparteien sich mit diesen einverstanden erkl\u00e4ren. Die Vertragsparteien bestimmen das Objekt der Verhandlungen im gegenseitigen Einverst\u00e4ndnis ihrer jeweiligen Vorst\u00e4nde. Sie mandatieren sodann die Verhandlungskommission. Sie k\u00f6nnen auch in Form [&hellip;]<\/p>\n","protected":false},"author":1,"featured_media":0,"parent":2135,"menu_order":0,"comment_status":"closed","ping_status":"closed","template":"","meta":{"_acf_changed":false,"inline_featured_image":false,"_monsterinsights_skip_tracking":false,"_monsterinsights_sitenote_active":false,"_monsterinsights_sitenote_note":"","_monsterinsights_sitenote_category":0,"footnotes":""},"class_list":["post-1542","page","type-page","status-publish","hentry"],"acf":[],"yoast_head":"<!-- This site is optimized with the Yoast SEO plugin v26.8 - https:\/\/yoast.com\/product\/yoast-seo-wordpress\/ -->\n<title>Verhandlungen &#8211; infri<\/title>\n<meta name=\"robots\" content=\"index, follow, max-snippet:-1, max-image-preview:large, max-video-preview:-1\" \/>\n<link rel=\"canonical\" href=\"https:\/\/dev.infri.ch\/de\/gav\/verhandlungen\/\" \/>\n<meta property=\"og:locale\" content=\"de_DE\" \/>\n<meta property=\"og:type\" content=\"article\" \/>\n<meta property=\"og:title\" content=\"Verhandlungen &#8211; infri\" \/>\n<meta property=\"og:description\" content=\"Der GAV kann im Einverst\u00e4ndnis der unterzeichneten Parteien INFRI und VOPSI modifiziert werden. (GAV Art. 43.5). Verhandlungsausschuss des GAV INFRI-VOPSI: Verhandlungen werden nur gef\u00fchrt, sofern die Vertragsparteien sich mit diesen einverstanden erkl\u00e4ren. Die Vertragsparteien bestimmen das Objekt der Verhandlungen im gegenseitigen Einverst\u00e4ndnis ihrer jeweiligen Vorst\u00e4nde. Sie mandatieren sodann die Verhandlungskommission. Sie k\u00f6nnen auch in Form [&hellip;]\" \/>\n<meta property=\"og:url\" content=\"https:\/\/dev.infri.ch\/de\/gav\/verhandlungen\/\" \/>\n<meta property=\"og:site_name\" content=\"infri\" \/>\n<meta property=\"article:modified_time\" content=\"2019-02-05T10:22:05+00:00\" \/>\n<meta name=\"twitter:card\" content=\"summary_large_image\" \/>\n<meta name=\"twitter:label1\" content=\"Gesch\u00e4tzte Lesezeit\" \/>\n\t<meta name=\"twitter:data1\" content=\"1\u00a0Minute\" \/>\n<script type=\"application\/ld+json\" class=\"yoast-schema-graph\">{\"@context\":\"https:\/\/schema.org\",\"@graph\":[{\"@type\":\"WebPage\",\"@id\":\"https:\/\/dev.infri.ch\/de\/gav\/verhandlungen\/\",\"url\":\"https:\/\/dev.infri.ch\/de\/gav\/verhandlungen\/\",\"name\":\"Verhandlungen &#8211; infri\",\"isPartOf\":{\"@id\":\"https:\/\/dev.infri.ch\/de\/#website\"},\"datePublished\":\"2019-01-29T12:13:14+00:00\",\"dateModified\":\"2019-02-05T10:22:05+00:00\",\"breadcrumb\":{\"@id\":\"https:\/\/dev.infri.ch\/de\/gav\/verhandlungen\/#breadcrumb\"},\"inLanguage\":\"de\",\"potentialAction\":[{\"@type\":\"ReadAction\",\"target\":[\"https:\/\/dev.infri.ch\/de\/gav\/verhandlungen\/\"]}]},{\"@type\":\"BreadcrumbList\",\"@id\":\"https:\/\/dev.infri.ch\/de\/gav\/verhandlungen\/#breadcrumb\",\"itemListElement\":[{\"@type\":\"ListItem\",\"position\":1,\"name\":\"Accueil\",\"item\":\"https:\/\/dev.infri.ch\/de\/\"},{\"@type\":\"ListItem\",\"position\":2,\"name\":\"GAV\",\"item\":\"https:\/\/dev.infri.ch\/de\/gav\/\"},{\"@type\":\"ListItem\",\"position\":3,\"name\":\"Verhandlungen\"}]},{\"@type\":\"WebSite\",\"@id\":\"https:\/\/dev.infri.ch\/de\/#website\",\"url\":\"https:\/\/dev.infri.ch\/de\/\",\"name\":\"infri\",\"description\":\"l&#039;association repr\u00e9sentant les institutions sp\u00e9cialis\u00e9es fribourgeoises\",\"potentialAction\":[{\"@type\":\"SearchAction\",\"target\":{\"@type\":\"EntryPoint\",\"urlTemplate\":\"https:\/\/dev.infri.ch\/de\/?s={search_term_string}\"},\"query-input\":{\"@type\":\"PropertyValueSpecification\",\"valueRequired\":true,\"valueName\":\"search_term_string\"}}],\"inLanguage\":\"de\"}]}<\/script>\n<!-- \/ Yoast SEO plugin. -->","yoast_head_json":{"title":"Verhandlungen &#8211; infri","robots":{"index":"index","follow":"follow","max-snippet":"max-snippet:-1","max-image-preview":"max-image-preview:large","max-video-preview":"max-video-preview:-1"},"canonical":"https:\/\/dev.infri.ch\/de\/gav\/verhandlungen\/","og_locale":"de_DE","og_type":"article","og_title":"Verhandlungen &#8211; infri","og_description":"Der GAV kann im Einverst\u00e4ndnis der unterzeichneten Parteien INFRI und VOPSI modifiziert werden. (GAV Art. 43.5). Verhandlungsausschuss des GAV INFRI-VOPSI: Verhandlungen werden nur gef\u00fchrt, sofern die Vertragsparteien sich mit diesen einverstanden erkl\u00e4ren. Die Vertragsparteien bestimmen das Objekt der Verhandlungen im gegenseitigen Einverst\u00e4ndnis ihrer jeweiligen Vorst\u00e4nde. Sie mandatieren sodann die Verhandlungskommission. Sie k\u00f6nnen auch in Form [&hellip;]","og_url":"https:\/\/dev.infri.ch\/de\/gav\/verhandlungen\/","og_site_name":"infri","article_modified_time":"2019-02-05T10:22:05+00:00","twitter_card":"summary_large_image","twitter_misc":{"Gesch\u00e4tzte Lesezeit":"1\u00a0Minute"},"schema":{"@context":"https:\/\/schema.org","@graph":[{"@type":"WebPage","@id":"https:\/\/dev.infri.ch\/de\/gav\/verhandlungen\/","url":"https:\/\/dev.infri.ch\/de\/gav\/verhandlungen\/","name":"Verhandlungen &#8211; infri","isPartOf":{"@id":"https:\/\/dev.infri.ch\/de\/#website"},"datePublished":"2019-01-29T12:13:14+00:00","dateModified":"2019-02-05T10:22:05+00:00","breadcrumb":{"@id":"https:\/\/dev.infri.ch\/de\/gav\/verhandlungen\/#breadcrumb"},"inLanguage":"de","potentialAction":[{"@type":"ReadAction","target":["https:\/\/dev.infri.ch\/de\/gav\/verhandlungen\/"]}]},{"@type":"BreadcrumbList","@id":"https:\/\/dev.infri.ch\/de\/gav\/verhandlungen\/#breadcrumb","itemListElement":[{"@type":"ListItem","position":1,"name":"Accueil","item":"https:\/\/dev.infri.ch\/de\/"},{"@type":"ListItem","position":2,"name":"GAV","item":"https:\/\/dev.infri.ch\/de\/gav\/"},{"@type":"ListItem","position":3,"name":"Verhandlungen"}]},{"@type":"WebSite","@id":"https:\/\/dev.infri.ch\/de\/#website","url":"https:\/\/dev.infri.ch\/de\/","name":"infri","description":"l&#039;association repr\u00e9sentant les institutions sp\u00e9cialis\u00e9es fribourgeoises","potentialAction":[{"@type":"SearchAction","target":{"@type":"EntryPoint","urlTemplate":"https:\/\/dev.infri.ch\/de\/?s={search_term_string}"},"query-input":{"@type":"PropertyValueSpecification","valueRequired":true,"valueName":"search_term_string"}}],"inLanguage":"de"}]}},"_links":{"self":[{"href":"https:\/\/dev.infri.ch\/de\/wp-json\/wp\/v2\/pages\/1542","targetHints":{"allow":["GET"]}}],"collection":[{"href":"https:\/\/dev.infri.ch\/de\/wp-json\/wp\/v2\/pages"}],"about":[{"href":"https:\/\/dev.infri.ch\/de\/wp-json\/wp\/v2\/types\/page"}],"author":[{"embeddable":true,"href":"https:\/\/dev.infri.ch\/de\/wp-json\/wp\/v2\/users\/1"}],"replies":[{"embeddable":true,"href":"https:\/\/dev.infri.ch\/de\/wp-json\/wp\/v2\/comments?post=1542"}],"version-history":[{"count":0,"href":"https:\/\/dev.infri.ch\/de\/wp-json\/wp\/v2\/pages\/1542\/revisions"}],"up":[{"embeddable":true,"href":"https:\/\/dev.infri.ch\/de\/wp-json\/wp\/v2\/pages\/2135"}],"wp:attachment":[{"href":"https:\/\/dev.infri.ch\/de\/wp-json\/wp\/v2\/media?parent=1542"}],"curies":[{"name":"wp","href":"https:\/\/api.w.org\/{rel}","templated":true}]}}