{"id":5622,"date":"2020-12-21T09:04:30","date_gmt":"2020-12-21T08:04:30","guid":{"rendered":"https:\/\/dev.infri.ch\/?page_id=5622"},"modified":"2021-01-12T21:06:10","modified_gmt":"2021-01-12T20:06:10","slug":"bestellung-gav","status":"publish","type":"page","link":"https:\/\/dev.infri.ch\/de\/gav\/bestellung-gav\/","title":{"rendered":"GAV Bestellung"},"content":{"rendered":"<div class=\"frm_forms  with_frm_style frm_style_style-formidable\" id=\"frm_form_2_container\" >\n<form enctype=\"multipart\/form-data\" method=\"post\" class=\"frm-show-form  frm_pro_form \" id=\"form_commandecct\" >\n<div class=\"frm_form_fields \">\n<fieldset>\n<legend class=\"frm_screen_reader\">Bestellung GAV<\/legend>\r\n\r\n<div class=\"frm_fields_container\">\n<input type=\"hidden\" name=\"frm_action\" value=\"create\" \/>\n<input type=\"hidden\" name=\"form_id\" value=\"2\" \/>\n<input type=\"hidden\" name=\"frm_hide_fields_2\" id=\"frm_hide_fields_2\" value=\"\" \/>\n<input type=\"hidden\" name=\"form_key\" value=\"commandecct\" \/>\n<input type=\"hidden\" name=\"item_meta[0]\" value=\"\" \/>\n<input type=\"hidden\" id=\"frm_submit_entry_2\" name=\"frm_submit_entry_2\" value=\"7e70120bab\" \/><input type=\"hidden\" name=\"_wp_http_referer\" value=\"\/de\/wp-json\/wp\/v2\/pages\/5622\" \/><div id=\"frm_field_30_container\" class=\"frm_form_field form-field  frm_required_field frm_top_container frm_first frm_third\">\r\n    <label for=\"field_f44cl\" id=\"field_f44cl_label\" class=\"frm_primary_label\">Anzahl der franz\u00f6sischen: bei 4.60 CHF \/ St\u00fcck\r\n        <span class=\"frm_required\">*<\/span>\r\n    <\/label>\r\n    <input type=\"number\" id=\"field_f44cl\" name=\"item_meta[30]\" value=\"\" data-reqmsg=\"Dieses Feld kann nicht leer seinDieses Feld kann nicht leer sein\" aria-required=\"true\" data-invmsg=\"Text ist ung\u00fcltig\" aria-invalid=\"false\"   min=\"0\" max=\"9999999\" step=\"any\" \/>\r\n    \r\n    \r\n<\/div>\n<div id=\"frm_field_31_container\" class=\"frm_form_field form-field  frm_required_field frm_top_container frm_first frm_third\">\r\n    <label for=\"field_cj7bn\" id=\"field_cj7bn_label\" class=\"frm_primary_label\">Anzahl des deutschen: bei 4.60 CHF \/ St\u00fcck\r\n        <span class=\"frm_required\">*<\/span>\r\n    <\/label>\r\n    <input type=\"number\" id=\"field_cj7bn\" name=\"item_meta[31]\" value=\"\" data-reqmsg=\"Dieses Feld kann nicht leer seinDieses Feld kann nicht leer sein\" aria-required=\"true\" data-invmsg=\"Text ist ung\u00fcltig\" aria-invalid=\"false\"   min=\"0\" max=\"9999999\" step=\"1\" \/>\r\n    \r\n    \r\n<\/div>\n<div id=\"frm_field_12_container\" class=\"frm_form_field  frm_html_container form-field\">\n<p><strong>Verwaltungsgeb\u00fchren : 5.00 CHF<\/strong><\/p>\n<p><strong>Versand<\/strong><br \/>\nDokument an der Rezeption des St-Camille-Vereins in Marly oder Villars-sur-Gl\u00e2ne : <strong>Gratis<\/strong><br \/>\nF\u00fcr 1 bis 5 Exemplare : <strong>5.00 CHF<\/strong><br \/>\nAb 6 Exemplare : <strong>Versandkosten<\/strong>\n<\/p>\n<\/div>\n<div id=\"frm_field_13_container\" class=\"frm_form_field form-field  frm_top_container frm_half\">\r\n    <label for=\"field_89bdv\" id=\"field_89bdv_label\" class=\"frm_primary_label\">Institution:\r\n        <span class=\"frm_required\"><\/span>\r\n    <\/label>\r\n    <input  type=\"text\" id=\"field_89bdv\" name=\"item_meta[13]\" value=\"\"  data-invmsg=\"Text ist ung\u00fcltig\" aria-invalid=\"false\"   \/>\r\n    \r\n    \r\n<\/div>\n<div id=\"frm_field_14_container\" class=\"frm_form_field form-field  frm_required_field frm_top_container frm_first frm_half\">\r\n    <label for=\"field_psc7i\" id=\"field_psc7i_label\" class=\"frm_primary_label\">Vorname:\r\n        <span class=\"frm_required\">*<\/span>\r\n    <\/label>\r\n    <input  type=\"text\" id=\"field_psc7i\" name=\"item_meta[14]\" value=\"\"  data-reqmsg=\"Dieses Feld kann nicht leer sein\" aria-required=\"true\" data-invmsg=\"Text ist ung\u00fcltig\" aria-invalid=\"false\"   \/>\r\n    \r\n    \r\n<\/div>\n<div id=\"frm_field_15_container\" class=\"frm_form_field form-field  frm_required_field frm_top_container frm_half\">\r\n    <label for=\"field_h6bua\" id=\"field_h6bua_label\" class=\"frm_primary_label\">Name:\r\n        <span class=\"frm_required\">*<\/span>\r\n    <\/label>\r\n    <input  type=\"text\" id=\"field_h6bua\" name=\"item_meta[15]\" value=\"\"  data-reqmsg=\"Dieses Feld kann nicht leer sein\" aria-required=\"true\" data-invmsg=\"Text ist ung\u00fcltig\" aria-invalid=\"false\"   \/>\r\n    \r\n    \r\n<\/div>\n<div id=\"frm_field_18_container\" class=\"frm_form_field form-field  frm_required_field frm_top_container frm12\">\r\n    <label for=\"field_zg1lt\" id=\"field_zg1lt_label\" class=\"frm_primary_label\">Strasse\r\n        <span class=\"frm_required\">*<\/span>\r\n    <\/label>\r\n    <input  type=\"text\" id=\"field_zg1lt\" name=\"item_meta[18]\" value=\"\"  data-reqmsg=\"Dieses Feld kann nicht leer sein\" aria-required=\"true\" data-invmsg=\"Text ist ung\u00fcltig\" aria-invalid=\"false\"   \/>\r\n    \r\n    \r\n<\/div>\n<div id=\"frm_field_26_container\" class=\"frm_form_field form-field  frm_required_field frm_top_container frm_half\">\r\n    <label for=\"field_rupl9\" id=\"field_rupl9_label\" class=\"frm_primary_label\">Postleitzahl\r\n        <span class=\"frm_required\">*<\/span>\r\n    <\/label>\r\n    <input  type=\"text\" id=\"field_rupl9\" name=\"item_meta[26]\" value=\"\"  data-reqmsg=\"Dieses Feld kann nicht leer sein\" aria-required=\"true\" data-invmsg=\"Text ist ung\u00fcltig\" aria-invalid=\"false\"   \/>\r\n    \r\n    \r\n<\/div>\n<div id=\"frm_field_27_container\" class=\"frm_form_field form-field  frm_required_field frm_top_container frm_half\">\r\n    <label for=\"field_w9t1x\" id=\"field_w9t1x_label\" class=\"frm_primary_label\">Ort\r\n        <span class=\"frm_required\">*<\/span>\r\n    <\/label>\r\n    <input  type=\"text\" id=\"field_w9t1x\" name=\"item_meta[27]\" value=\"\"  data-reqmsg=\"Dieses Feld kann nicht leer sein\" aria-required=\"true\" data-invmsg=\"Text ist ung\u00fcltig\" aria-invalid=\"false\"   \/>\r\n    \r\n    \r\n<\/div>\n<div id=\"frm_field_19_container\" class=\"frm_form_field form-field  frm_required_field frm_top_container\">\r\n    <label for=\"field_axkdx\" id=\"field_axkdx_label\" class=\"frm_primary_label\">E-mail:\r\n        <span class=\"frm_required\">*<\/span>\r\n    <\/label>\r\n    <input  type=\"text\" id=\"field_axkdx\" name=\"item_meta[19]\" value=\"\"  data-reqmsg=\"Dieses Feld kann nicht leer sein\" aria-required=\"true\" data-invmsg=\"Text ist ung\u00fcltig\" aria-invalid=\"false\"   \/>\r\n    \r\n    \r\n<\/div>\n<div id=\"frm_field_58_container\" class=\"frm_form_field form-field  frm_required_field frm_top_container\">\r\n    <label for=\"field_g178p\" id=\"field_g178p_label\" class=\"frm_primary_label\">Lieferoptionen\r\n        <span class=\"frm_required\">*<\/span>\r\n    <\/label>\r\n    \t\t<select name=\"item_meta[58]\" id=\"field_g178p\"  data-reqmsg=\"Ce champ ne peut pas \u00eatre vide\" aria-required=\"true\" data-invmsg=\"Lieferoptionen ist ung\u00fcltig\" aria-invalid=\"false\"  >\n\t\t<option  value=\"Merci de me faire parvenir les documents\">Bitte senden Sie mir die Dokumente<\/option><option  value=\"Nous passerons les chercher \u00e0 l\u2019association St-Camille \u00e0 Marly\">Wir werden die Dokumente abholen im des St-Camille-Vereins in Marly<\/option><option  value=\"Nous passerons les chercher \u00e0 l\u2019association St-Camille \u00e0 Villars-sur-Gl\u00e2ne\">Wir werden die Dokumente abholen im des St-Camille-Vereins in Villars-sur-Gl\u00e2ne<\/option>\t<\/select>\n\t\r\n    \r\n    \r\n<\/div>\n<div id=\"frm_field_23_container\" class=\"frm_form_field form-field  frm_required_field frm_top_container frm_half\">\r\n    <label for=\"field_1d3wo\" id=\"field_1d3wo_label\" class=\"frm_primary_label\">Welche Zahl ist die gr\u00f6\u00dfte? 7 oder 24\r\n        <span class=\"frm_required\">*<\/span>\r\n    <\/label>\r\n    <input  type=\"text\" id=\"field_1d3wo\" name=\"item_meta[23]\" value=\"\"  data-reqmsg=\"Dieses Feld kann nicht leer sein\" aria-required=\"true\" data-invmsg=\"Text ist ung\u00fcltig\" aria-invalid=\"false\"   \/>\r\n    \r\n    \r\n<\/div>\n<div id=\"frm_field_21_container\" class=\"frm_form_field form-field  frm_none_container\">\r\n    <label for=\"g-recaptcha-response\" id=\"field_nslp3_label\" class=\"frm_primary_label\">reCaptcha\r\n        <span class=\"frm_required\"><\/span>\r\n    <\/label>\r\n    <div  id=\"field_nslp3\" class=\"frm-g-recaptcha\" data-sitekey=\"6LeEIw8aAAAAANFkt8acP_b6mGM9BLHdDxAbGAcF\" data-size=\"normal\" data-theme=\"light\"><\/div>\r\n    \r\n    \r\n<\/div>\n\t<input type=\"hidden\" name=\"item_key\" value=\"\" \/>\n\t\t\t<div id=\"frm_field_59_container\">\n\t\t\t<label for=\"field_pq321\" >\n\t\t\t\tFalls Du menschlich bist, lasse dieses Feld leer.\t\t\t<\/label>\n\t\t\t<input  id=\"field_pq321\" type=\"text\" class=\"frm_form_field form-field frm_verify\" name=\"item_meta[59]\" value=\"\"  \/>\n\t\t<\/div>\n\t\t<input name=\"frm_state\" type=\"hidden\" value=\"ePIXtRNFBnWBg8+rtA02sHexntRr1Di\/KmH\/s817\/xosUQJh04vPDiPv5gReTJAR\" \/><div class=\"frm_submit\">\r\n\r\n<button class=\"frm_button_submit frm_final_submit\" type=\"submit\"  >Senden<\/button>\r\n\r\n<\/div><\/div>\n<\/fieldset>\n<\/div>\n\n<\/form>\n<\/div>\n\n","protected":false},"excerpt":{"rendered":"","protected":false},"author":1,"featured_media":0,"parent":2135,"menu_order":0,"comment_status":"closed","ping_status":"closed","template":"","meta":{"_acf_changed":false,"inline_featured_image":false,"_monsterinsights_skip_tracking":false,"_monsterinsights_sitenote_active":false,"_monsterinsights_sitenote_note":"","_monsterinsights_sitenote_category":0,"footnotes":""},"class_list":["post-5622","page","type-page","status-publish","hentry"],"acf":[],"yoast_head":"<!-- This site is optimized with the Yoast SEO plugin v26.8 - https:\/\/yoast.com\/product\/yoast-seo-wordpress\/ -->\n<title>GAV Bestellung &#8211; infri<\/title>\n<meta name=\"robots\" content=\"index, follow, max-snippet:-1, max-image-preview:large, max-video-preview:-1\" \/>\n<link rel=\"canonical\" href=\"https:\/\/dev.infri.ch\/de\/gav\/bestellung-gav\/\" \/>\n<meta property=\"og:locale\" content=\"de_DE\" \/>\n<meta property=\"og:type\" content=\"article\" \/>\n<meta property=\"og:title\" content=\"GAV Bestellung &#8211; infri\" \/>\n<meta property=\"og:url\" content=\"https:\/\/dev.infri.ch\/de\/gav\/bestellung-gav\/\" \/>\n<meta property=\"og:site_name\" content=\"infri\" \/>\n<meta property=\"article:modified_time\" content=\"2021-01-12T20:06:10+00:00\" \/>\n<meta name=\"twitter:card\" content=\"summary_large_image\" \/>\n<script type=\"application\/ld+json\" class=\"yoast-schema-graph\">{\"@context\":\"https:\/\/schema.org\",\"@graph\":[{\"@type\":\"WebPage\",\"@id\":\"https:\/\/dev.infri.ch\/de\/gav\/bestellung-gav\/\",\"url\":\"https:\/\/dev.infri.ch\/de\/gav\/bestellung-gav\/\",\"name\":\"GAV Bestellung &#8211; infri\",\"isPartOf\":{\"@id\":\"https:\/\/dev.infri.ch\/de\/#website\"},\"datePublished\":\"2020-12-21T08:04:30+00:00\",\"dateModified\":\"2021-01-12T20:06:10+00:00\",\"breadcrumb\":{\"@id\":\"https:\/\/dev.infri.ch\/de\/gav\/bestellung-gav\/#breadcrumb\"},\"inLanguage\":\"de\",\"potentialAction\":[{\"@type\":\"ReadAction\",\"target\":[\"https:\/\/dev.infri.ch\/de\/gav\/bestellung-gav\/\"]}]},{\"@type\":\"BreadcrumbList\",\"@id\":\"https:\/\/dev.infri.ch\/de\/gav\/bestellung-gav\/#breadcrumb\",\"itemListElement\":[{\"@type\":\"ListItem\",\"position\":1,\"name\":\"Accueil\",\"item\":\"https:\/\/dev.infri.ch\/de\/\"},{\"@type\":\"ListItem\",\"position\":2,\"name\":\"GAV\",\"item\":\"https:\/\/dev.infri.ch\/de\/gav\/\"},{\"@type\":\"ListItem\",\"position\":3,\"name\":\"GAV Bestellung\"}]},{\"@type\":\"WebSite\",\"@id\":\"https:\/\/dev.infri.ch\/de\/#website\",\"url\":\"https:\/\/dev.infri.ch\/de\/\",\"name\":\"infri\",\"description\":\"l&#039;association repr\u00e9sentant les institutions sp\u00e9cialis\u00e9es fribourgeoises\",\"potentialAction\":[{\"@type\":\"SearchAction\",\"target\":{\"@type\":\"EntryPoint\",\"urlTemplate\":\"https:\/\/dev.infri.ch\/de\/?s={search_term_string}\"},\"query-input\":{\"@type\":\"PropertyValueSpecification\",\"valueRequired\":true,\"valueName\":\"search_term_string\"}}],\"inLanguage\":\"de\"}]}<\/script>\n<!-- \/ Yoast SEO plugin. -->","yoast_head_json":{"title":"GAV Bestellung &#8211; infri","robots":{"index":"index","follow":"follow","max-snippet":"max-snippet:-1","max-image-preview":"max-image-preview:large","max-video-preview":"max-video-preview:-1"},"canonical":"https:\/\/dev.infri.ch\/de\/gav\/bestellung-gav\/","og_locale":"de_DE","og_type":"article","og_title":"GAV Bestellung &#8211; infri","og_url":"https:\/\/dev.infri.ch\/de\/gav\/bestellung-gav\/","og_site_name":"infri","article_modified_time":"2021-01-12T20:06:10+00:00","twitter_card":"summary_large_image","schema":{"@context":"https:\/\/schema.org","@graph":[{"@type":"WebPage","@id":"https:\/\/dev.infri.ch\/de\/gav\/bestellung-gav\/","url":"https:\/\/dev.infri.ch\/de\/gav\/bestellung-gav\/","name":"GAV Bestellung &#8211; infri","isPartOf":{"@id":"https:\/\/dev.infri.ch\/de\/#website"},"datePublished":"2020-12-21T08:04:30+00:00","dateModified":"2021-01-12T20:06:10+00:00","breadcrumb":{"@id":"https:\/\/dev.infri.ch\/de\/gav\/bestellung-gav\/#breadcrumb"},"inLanguage":"de","potentialAction":[{"@type":"ReadAction","target":["https:\/\/dev.infri.ch\/de\/gav\/bestellung-gav\/"]}]},{"@type":"BreadcrumbList","@id":"https:\/\/dev.infri.ch\/de\/gav\/bestellung-gav\/#breadcrumb","itemListElement":[{"@type":"ListItem","position":1,"name":"Accueil","item":"https:\/\/dev.infri.ch\/de\/"},{"@type":"ListItem","position":2,"name":"GAV","item":"https:\/\/dev.infri.ch\/de\/gav\/"},{"@type":"ListItem","position":3,"name":"GAV Bestellung"}]},{"@type":"WebSite","@id":"https:\/\/dev.infri.ch\/de\/#website","url":"https:\/\/dev.infri.ch\/de\/","name":"infri","description":"l&#039;association repr\u00e9sentant les institutions sp\u00e9cialis\u00e9es fribourgeoises","potentialAction":[{"@type":"SearchAction","target":{"@type":"EntryPoint","urlTemplate":"https:\/\/dev.infri.ch\/de\/?s={search_term_string}"},"query-input":{"@type":"PropertyValueSpecification","valueRequired":true,"valueName":"search_term_string"}}],"inLanguage":"de"}]}},"_links":{"self":[{"href":"https:\/\/dev.infri.ch\/de\/wp-json\/wp\/v2\/pages\/5622","targetHints":{"allow":["GET"]}}],"collection":[{"href":"https:\/\/dev.infri.ch\/de\/wp-json\/wp\/v2\/pages"}],"about":[{"href":"https:\/\/dev.infri.ch\/de\/wp-json\/wp\/v2\/types\/page"}],"author":[{"embeddable":true,"href":"https:\/\/dev.infri.ch\/de\/wp-json\/wp\/v2\/users\/1"}],"replies":[{"embeddable":true,"href":"https:\/\/dev.infri.ch\/de\/wp-json\/wp\/v2\/comments?post=5622"}],"version-history":[{"count":0,"href":"https:\/\/dev.infri.ch\/de\/wp-json\/wp\/v2\/pages\/5622\/revisions"}],"up":[{"embeddable":true,"href":"https:\/\/dev.infri.ch\/de\/wp-json\/wp\/v2\/pages\/2135"}],"wp:attachment":[{"href":"https:\/\/dev.infri.ch\/de\/wp-json\/wp\/v2\/media?parent=5622"}],"curies":[{"name":"wp","href":"https:\/\/api.w.org\/{rel}","templated":true}]}}